{"id":347,"date":"2012-08-27T12:18:29","date_gmt":"2012-08-27T10:18:29","guid":{"rendered":"http:\/\/www.medienfundgrube.at\/?page_id=347"},"modified":"2025-09-29T17:40:18","modified_gmt":"2025-09-29T15:40:18","slug":"info","status":"publish","type":"page","link":"https:\/\/www.medienfundgrube.at\/?page_id=347","title":{"rendered":"Die Medienfundgrube"},"content":{"rendered":"\n<p>Ein Projekt der <strong>P\u00e4dagogischen Hochschule Nieder\u00f6sterreich.<\/strong><\/p>\n\n\n\n<p>Die <strong>medienfundgrube<\/strong> pr\u00e4sentiert schulrelevante Webtools in Form von Screencasts, sowie Linktipps (nicht nur) f\u00fcr Lehrer*innen. Die Beitr\u00e4ge werden regelm\u00e4\u00dfig erg\u00e4nzt. Also immer wieder mal vorbeischauen oder die <strong>medienfundgrube<\/strong>&nbsp;auf <a href=\"https:\/\/www.facebook.com\/pages\/Medienfundgrube\/504076169618512\" target=\"_blank\" rel=\"noopener noreferrer\">Facebook<\/a>&nbsp;oder <a href=\"https:\/\/www.instagram.com\/medienfundgrube.at\" target=\"_blank\" rel=\"noreferrer noopener\">Instagram<\/a> abonnieren.<\/p>\n\n\n\n<p><strong>Autorinnen und Autoren:<\/strong><br>Gerhard Brandhofer, Mone Denninger, Walter Fikisz, Oliver Kastner-Hauler, Mario Liftenegger, Manuel Petruj, Julia Prohaska, Karin Tengler, Kurt Tutschek, Natalie Schrammel, Tamara Solnitzky und Martina Spitaler sowie Studierende der P\u00e4dagogischen Hochschule Nieder\u00f6sterreich als Gastautorinnen und -autoren<\/p>\n\n\n\n<p><strong>F\u00fcr den Inhalt verantwortlich:<\/strong><br>Walter Fikisz<\/p>\n","protected":false},"excerpt":{"rendered":"<p>Ein Projekt der P\u00e4dagogischen Hochschule Nieder\u00f6sterreich. Die medienfundgrube pr\u00e4sentiert schulrelevante Webtools in Form von Screencasts, sowie Linktipps (nicht nur) f\u00fcr Lehrer*innen. Die Beitr\u00e4ge werden regelm\u00e4\u00dfig erg\u00e4nzt. Also immer wieder mal vorbeischauen oder die medienfundgrube&nbsp;auf Facebook&nbsp;oder Instagram abonnieren. Autorinnen und Autoren:Gerhard Brandhofer, Mone Denninger, Walter Fikisz, Oliver Kastner-Hauler, Mario Liftenegger, Manuel &hellip;<\/p>\n","protected":false},"author":2,"featured_media":0,"parent":0,"menu_order":0,"comment_status":"open","ping_status":"open","template":"","meta":{"footnotes":""},"class_list":["post-347","page","type-page","status-publish","hentry"],"yoast_head":"<!-- This site is optimized with the Yoast SEO plugin v26.9 - https:\/\/yoast.com\/product\/yoast-seo-wordpress\/ -->\n<title>Die Medienfundgrube - Medienfundgrube<\/title>\n<meta name=\"robots\" content=\"index, follow, max-snippet:-1, max-image-preview:large, max-video-preview:-1\" \/>\n<link rel=\"canonical\" href=\"https:\/\/www.medienfundgrube.at\/?page_id=347\" \/>\n<meta property=\"og:locale\" content=\"de_DE\" \/>\n<meta property=\"og:type\" content=\"article\" \/>\n<meta property=\"og:title\" content=\"Die Medienfundgrube - Medienfundgrube\" \/>\n<meta property=\"og:description\" content=\"Ein Projekt der P\u00e4dagogischen Hochschule Nieder\u00f6sterreich. Die medienfundgrube pr\u00e4sentiert schulrelevante Webtools in Form von Screencasts, sowie Linktipps (nicht nur) f\u00fcr Lehrer*innen. Die Beitr\u00e4ge werden regelm\u00e4\u00dfig erg\u00e4nzt. Also immer wieder mal vorbeischauen oder die medienfundgrube&nbsp;auf Facebook&nbsp;oder Instagram abonnieren. Autorinnen und Autoren:Gerhard Brandhofer, Mone Denninger, Walter Fikisz, Oliver Kastner-Hauler, Mario Liftenegger, Manuel &hellip;\" \/>\n<meta property=\"og:url\" content=\"https:\/\/www.medienfundgrube.at\/?page_id=347\" \/>\n<meta property=\"og:site_name\" content=\"Medienfundgrube\" \/>\n<meta property=\"article:modified_time\" content=\"2025-09-29T15:40:18+00:00\" \/>\n<meta name=\"twitter:card\" content=\"summary_large_image\" \/>\n<meta name=\"twitter:label1\" content=\"Gesch\u00e4tzte Lesezeit\" \/>\n\t<meta name=\"twitter:data1\" content=\"1\u00a0Minute\" \/>\n<script type=\"application\/ld+json\" class=\"yoast-schema-graph\">{\"@context\":\"https:\/\/schema.org\",\"@graph\":[{\"@type\":\"WebPage\",\"@id\":\"https:\/\/www.medienfundgrube.at\/?page_id=347\",\"url\":\"https:\/\/www.medienfundgrube.at\/?page_id=347\",\"name\":\"Die Medienfundgrube - Medienfundgrube\",\"isPartOf\":{\"@id\":\"https:\/\/www.medienfundgrube.at\/#website\"},\"datePublished\":\"2012-08-27T10:18:29+00:00\",\"dateModified\":\"2025-09-29T15:40:18+00:00\",\"breadcrumb\":{\"@id\":\"https:\/\/www.medienfundgrube.at\/?page_id=347#breadcrumb\"},\"inLanguage\":\"de\",\"potentialAction\":[{\"@type\":\"ReadAction\",\"target\":[\"https:\/\/www.medienfundgrube.at\/?page_id=347\"]}]},{\"@type\":\"BreadcrumbList\",\"@id\":\"https:\/\/www.medienfundgrube.at\/?page_id=347#breadcrumb\",\"itemListElement\":[{\"@type\":\"ListItem\",\"position\":1,\"name\":\"Startseite\",\"item\":\"https:\/\/www.medienfundgrube.at\/\"},{\"@type\":\"ListItem\",\"position\":2,\"name\":\"Die Medienfundgrube\"}]},{\"@type\":\"WebSite\",\"@id\":\"https:\/\/www.medienfundgrube.at\/#website\",\"url\":\"https:\/\/www.medienfundgrube.at\/\",\"name\":\"Medienfundgrube\",\"description\":\"Webtools und Linktipps - nicht nur f\u00fcr Lehrer*innen\",\"publisher\":{\"@id\":\"https:\/\/www.medienfundgrube.at\/#organization\"},\"potentialAction\":[{\"@type\":\"SearchAction\",\"target\":{\"@type\":\"EntryPoint\",\"urlTemplate\":\"https:\/\/www.medienfundgrube.at\/?s={search_term_string}\"},\"query-input\":{\"@type\":\"PropertyValueSpecification\",\"valueRequired\":true,\"valueName\":\"search_term_string\"}}],\"inLanguage\":\"de\"},{\"@type\":\"Organization\",\"@id\":\"https:\/\/www.medienfundgrube.at\/#organization\",\"name\":\"Medienfundgrube\",\"url\":\"https:\/\/www.medienfundgrube.at\/\",\"logo\":{\"@type\":\"ImageObject\",\"inLanguage\":\"de\",\"@id\":\"https:\/\/www.medienfundgrube.at\/#\/schema\/logo\/image\/\",\"url\":\"https:\/\/www.medienfundgrube.at\/wp-content\/uploads\/2019\/10\/mefugr-farbe11-1.jpg\",\"contentUrl\":\"https:\/\/www.medienfundgrube.at\/wp-content\/uploads\/2019\/10\/mefugr-farbe11-1.jpg\",\"width\":200,\"height\":200,\"caption\":\"Medienfundgrube\"},\"image\":{\"@id\":\"https:\/\/www.medienfundgrube.at\/#\/schema\/logo\/image\/\"}}]}<\/script>\n<!-- \/ Yoast SEO plugin. -->","yoast_head_json":{"title":"Die Medienfundgrube - Medienfundgrube","robots":{"index":"index","follow":"follow","max-snippet":"max-snippet:-1","max-image-preview":"max-image-preview:large","max-video-preview":"max-video-preview:-1"},"canonical":"https:\/\/www.medienfundgrube.at\/?page_id=347","og_locale":"de_DE","og_type":"article","og_title":"Die Medienfundgrube - Medienfundgrube","og_description":"Ein Projekt der P\u00e4dagogischen Hochschule Nieder\u00f6sterreich. Die medienfundgrube pr\u00e4sentiert schulrelevante Webtools in Form von Screencasts, sowie Linktipps (nicht nur) f\u00fcr Lehrer*innen. Die Beitr\u00e4ge werden regelm\u00e4\u00dfig erg\u00e4nzt. Also immer wieder mal vorbeischauen oder die medienfundgrube&nbsp;auf Facebook&nbsp;oder Instagram abonnieren. Autorinnen und Autoren:Gerhard Brandhofer, Mone Denninger, Walter Fikisz, Oliver Kastner-Hauler, Mario Liftenegger, Manuel &hellip;","og_url":"https:\/\/www.medienfundgrube.at\/?page_id=347","og_site_name":"Medienfundgrube","article_modified_time":"2025-09-29T15:40:18+00:00","twitter_card":"summary_large_image","twitter_misc":{"Gesch\u00e4tzte Lesezeit":"1\u00a0Minute"},"schema":{"@context":"https:\/\/schema.org","@graph":[{"@type":"WebPage","@id":"https:\/\/www.medienfundgrube.at\/?page_id=347","url":"https:\/\/www.medienfundgrube.at\/?page_id=347","name":"Die Medienfundgrube - Medienfundgrube","isPartOf":{"@id":"https:\/\/www.medienfundgrube.at\/#website"},"datePublished":"2012-08-27T10:18:29+00:00","dateModified":"2025-09-29T15:40:18+00:00","breadcrumb":{"@id":"https:\/\/www.medienfundgrube.at\/?page_id=347#breadcrumb"},"inLanguage":"de","potentialAction":[{"@type":"ReadAction","target":["https:\/\/www.medienfundgrube.at\/?page_id=347"]}]},{"@type":"BreadcrumbList","@id":"https:\/\/www.medienfundgrube.at\/?page_id=347#breadcrumb","itemListElement":[{"@type":"ListItem","position":1,"name":"Startseite","item":"https:\/\/www.medienfundgrube.at\/"},{"@type":"ListItem","position":2,"name":"Die Medienfundgrube"}]},{"@type":"WebSite","@id":"https:\/\/www.medienfundgrube.at\/#website","url":"https:\/\/www.medienfundgrube.at\/","name":"Medienfundgrube","description":"Webtools und Linktipps - nicht nur f\u00fcr Lehrer*innen","publisher":{"@id":"https:\/\/www.medienfundgrube.at\/#organization"},"potentialAction":[{"@type":"SearchAction","target":{"@type":"EntryPoint","urlTemplate":"https:\/\/www.medienfundgrube.at\/?s={search_term_string}"},"query-input":{"@type":"PropertyValueSpecification","valueRequired":true,"valueName":"search_term_string"}}],"inLanguage":"de"},{"@type":"Organization","@id":"https:\/\/www.medienfundgrube.at\/#organization","name":"Medienfundgrube","url":"https:\/\/www.medienfundgrube.at\/","logo":{"@type":"ImageObject","inLanguage":"de","@id":"https:\/\/www.medienfundgrube.at\/#\/schema\/logo\/image\/","url":"https:\/\/www.medienfundgrube.at\/wp-content\/uploads\/2019\/10\/mefugr-farbe11-1.jpg","contentUrl":"https:\/\/www.medienfundgrube.at\/wp-content\/uploads\/2019\/10\/mefugr-farbe11-1.jpg","width":200,"height":200,"caption":"Medienfundgrube"},"image":{"@id":"https:\/\/www.medienfundgrube.at\/#\/schema\/logo\/image\/"}}]}},"_links":{"self":[{"href":"https:\/\/www.medienfundgrube.at\/index.php?rest_route=\/wp\/v2\/pages\/347","targetHints":{"allow":["GET"]}}],"collection":[{"href":"https:\/\/www.medienfundgrube.at\/index.php?rest_route=\/wp\/v2\/pages"}],"about":[{"href":"https:\/\/www.medienfundgrube.at\/index.php?rest_route=\/wp\/v2\/types\/page"}],"author":[{"embeddable":true,"href":"https:\/\/www.medienfundgrube.at\/index.php?rest_route=\/wp\/v2\/users\/2"}],"replies":[{"embeddable":true,"href":"https:\/\/www.medienfundgrube.at\/index.php?rest_route=%2Fwp%2Fv2%2Fcomments&post=347"}],"version-history":[{"count":26,"href":"https:\/\/www.medienfundgrube.at\/index.php?rest_route=\/wp\/v2\/pages\/347\/revisions"}],"predecessor-version":[{"id":7083,"href":"https:\/\/www.medienfundgrube.at\/index.php?rest_route=\/wp\/v2\/pages\/347\/revisions\/7083"}],"wp:attachment":[{"href":"https:\/\/www.medienfundgrube.at\/index.php?rest_route=%2Fwp%2Fv2%2Fmedia&parent=347"}],"curies":[{"name":"wp","href":"https:\/\/api.w.org\/{rel}","templated":true}]}}