{"id":31,"date":"2012-06-05T18:48:42","date_gmt":"2012-06-05T16:48:42","guid":{"rendered":"http:\/\/www.medienfundgrube.at\/?page_id=31"},"modified":"2018-09-30T15:55:00","modified_gmt":"2018-09-30T13:55:00","slug":"kontakt","status":"publish","type":"page","link":"https:\/\/www.medienfundgrube.at\/?page_id=31","title":{"rendered":"Kontakt"},"content":{"rendered":"<p>Wir freuen uns \u00fcber R\u00fcckmeldungen zu bereits vorhandenen Beitr\u00e4gen und nehmen gerne \u00a0Anregungen f\u00fcr weitere Videoanleitungen und Webtipps entgegen.<br \/>\nF\u00fcllen Sie einfach das Kontaktformular auf dieser Seite aus oder schreiben Sie uns eine E-mail: <em>walter.fikisz[at]ph-noe.ac.at<\/em><\/p>\n","protected":false},"excerpt":{"rendered":"<p>Wir freuen uns \u00fcber R\u00fcckmeldungen zu bereits vorhandenen Beitr\u00e4gen und nehmen gerne \u00a0Anregungen f\u00fcr weitere Videoanleitungen und Webtipps entgegen. F\u00fcllen Sie einfach das Kontaktformular auf dieser Seite aus oder schreiben Sie uns eine E-mail: walter.fikisz[at]ph-noe.ac.at<\/p>\n","protected":false},"author":2,"featured_media":0,"parent":0,"menu_order":0,"comment_status":"open","ping_status":"open","template":"","meta":{"footnotes":""},"class_list":["post-31","page","type-page","status-publish","hentry"],"yoast_head":"<!-- This site is optimized with the Yoast SEO plugin v26.9 - https:\/\/yoast.com\/product\/yoast-seo-wordpress\/ -->\n<title>Kontakt - Medienfundgrube<\/title>\n<meta name=\"robots\" content=\"index, follow, max-snippet:-1, max-image-preview:large, max-video-preview:-1\" \/>\n<link rel=\"canonical\" href=\"https:\/\/www.medienfundgrube.at\/?page_id=31\" \/>\n<meta property=\"og:locale\" content=\"de_DE\" \/>\n<meta property=\"og:type\" content=\"article\" \/>\n<meta property=\"og:title\" content=\"Kontakt - Medienfundgrube\" \/>\n<meta property=\"og:description\" content=\"Wir freuen uns \u00fcber R\u00fcckmeldungen zu bereits vorhandenen Beitr\u00e4gen und nehmen gerne \u00a0Anregungen f\u00fcr weitere Videoanleitungen und Webtipps entgegen. F\u00fcllen Sie einfach das Kontaktformular auf dieser Seite aus oder schreiben Sie uns eine E-mail: walter.fikisz[at]ph-noe.ac.at\" \/>\n<meta property=\"og:url\" content=\"https:\/\/www.medienfundgrube.at\/?page_id=31\" \/>\n<meta property=\"og:site_name\" content=\"Medienfundgrube\" \/>\n<meta property=\"article:modified_time\" content=\"2018-09-30T13:55:00+00:00\" \/>\n<meta name=\"twitter:card\" content=\"summary_large_image\" \/>\n<script type=\"application\/ld+json\" class=\"yoast-schema-graph\">{\"@context\":\"https:\/\/schema.org\",\"@graph\":[{\"@type\":\"WebPage\",\"@id\":\"https:\/\/www.medienfundgrube.at\/?page_id=31\",\"url\":\"https:\/\/www.medienfundgrube.at\/?page_id=31\",\"name\":\"Kontakt - Medienfundgrube\",\"isPartOf\":{\"@id\":\"https:\/\/www.medienfundgrube.at\/#website\"},\"datePublished\":\"2012-06-05T16:48:42+00:00\",\"dateModified\":\"2018-09-30T13:55:00+00:00\",\"breadcrumb\":{\"@id\":\"https:\/\/www.medienfundgrube.at\/?page_id=31#breadcrumb\"},\"inLanguage\":\"de\",\"potentialAction\":[{\"@type\":\"ReadAction\",\"target\":[\"https:\/\/www.medienfundgrube.at\/?page_id=31\"]}]},{\"@type\":\"BreadcrumbList\",\"@id\":\"https:\/\/www.medienfundgrube.at\/?page_id=31#breadcrumb\",\"itemListElement\":[{\"@type\":\"ListItem\",\"position\":1,\"name\":\"Startseite\",\"item\":\"https:\/\/www.medienfundgrube.at\/\"},{\"@type\":\"ListItem\",\"position\":2,\"name\":\"Kontakt\"}]},{\"@type\":\"WebSite\",\"@id\":\"https:\/\/www.medienfundgrube.at\/#website\",\"url\":\"https:\/\/www.medienfundgrube.at\/\",\"name\":\"Medienfundgrube\",\"description\":\"Webtools und Linktipps - nicht nur f\u00fcr Lehrer*innen\",\"publisher\":{\"@id\":\"https:\/\/www.medienfundgrube.at\/#organization\"},\"potentialAction\":[{\"@type\":\"SearchAction\",\"target\":{\"@type\":\"EntryPoint\",\"urlTemplate\":\"https:\/\/www.medienfundgrube.at\/?s={search_term_string}\"},\"query-input\":{\"@type\":\"PropertyValueSpecification\",\"valueRequired\":true,\"valueName\":\"search_term_string\"}}],\"inLanguage\":\"de\"},{\"@type\":\"Organization\",\"@id\":\"https:\/\/www.medienfundgrube.at\/#organization\",\"name\":\"Medienfundgrube\",\"url\":\"https:\/\/www.medienfundgrube.at\/\",\"logo\":{\"@type\":\"ImageObject\",\"inLanguage\":\"de\",\"@id\":\"https:\/\/www.medienfundgrube.at\/#\/schema\/logo\/image\/\",\"url\":\"https:\/\/www.medienfundgrube.at\/wp-content\/uploads\/2019\/10\/mefugr-farbe11-1.jpg\",\"contentUrl\":\"https:\/\/www.medienfundgrube.at\/wp-content\/uploads\/2019\/10\/mefugr-farbe11-1.jpg\",\"width\":200,\"height\":200,\"caption\":\"Medienfundgrube\"},\"image\":{\"@id\":\"https:\/\/www.medienfundgrube.at\/#\/schema\/logo\/image\/\"}}]}<\/script>\n<!-- \/ Yoast SEO plugin. -->","yoast_head_json":{"title":"Kontakt - Medienfundgrube","robots":{"index":"index","follow":"follow","max-snippet":"max-snippet:-1","max-image-preview":"max-image-preview:large","max-video-preview":"max-video-preview:-1"},"canonical":"https:\/\/www.medienfundgrube.at\/?page_id=31","og_locale":"de_DE","og_type":"article","og_title":"Kontakt - Medienfundgrube","og_description":"Wir freuen uns \u00fcber R\u00fcckmeldungen zu bereits vorhandenen Beitr\u00e4gen und nehmen gerne \u00a0Anregungen f\u00fcr weitere Videoanleitungen und Webtipps entgegen. F\u00fcllen Sie einfach das Kontaktformular auf dieser Seite aus oder schreiben Sie uns eine E-mail: walter.fikisz[at]ph-noe.ac.at","og_url":"https:\/\/www.medienfundgrube.at\/?page_id=31","og_site_name":"Medienfundgrube","article_modified_time":"2018-09-30T13:55:00+00:00","twitter_card":"summary_large_image","schema":{"@context":"https:\/\/schema.org","@graph":[{"@type":"WebPage","@id":"https:\/\/www.medienfundgrube.at\/?page_id=31","url":"https:\/\/www.medienfundgrube.at\/?page_id=31","name":"Kontakt - Medienfundgrube","isPartOf":{"@id":"https:\/\/www.medienfundgrube.at\/#website"},"datePublished":"2012-06-05T16:48:42+00:00","dateModified":"2018-09-30T13:55:00+00:00","breadcrumb":{"@id":"https:\/\/www.medienfundgrube.at\/?page_id=31#breadcrumb"},"inLanguage":"de","potentialAction":[{"@type":"ReadAction","target":["https:\/\/www.medienfundgrube.at\/?page_id=31"]}]},{"@type":"BreadcrumbList","@id":"https:\/\/www.medienfundgrube.at\/?page_id=31#breadcrumb","itemListElement":[{"@type":"ListItem","position":1,"name":"Startseite","item":"https:\/\/www.medienfundgrube.at\/"},{"@type":"ListItem","position":2,"name":"Kontakt"}]},{"@type":"WebSite","@id":"https:\/\/www.medienfundgrube.at\/#website","url":"https:\/\/www.medienfundgrube.at\/","name":"Medienfundgrube","description":"Webtools und Linktipps - nicht nur f\u00fcr Lehrer*innen","publisher":{"@id":"https:\/\/www.medienfundgrube.at\/#organization"},"potentialAction":[{"@type":"SearchAction","target":{"@type":"EntryPoint","urlTemplate":"https:\/\/www.medienfundgrube.at\/?s={search_term_string}"},"query-input":{"@type":"PropertyValueSpecification","valueRequired":true,"valueName":"search_term_string"}}],"inLanguage":"de"},{"@type":"Organization","@id":"https:\/\/www.medienfundgrube.at\/#organization","name":"Medienfundgrube","url":"https:\/\/www.medienfundgrube.at\/","logo":{"@type":"ImageObject","inLanguage":"de","@id":"https:\/\/www.medienfundgrube.at\/#\/schema\/logo\/image\/","url":"https:\/\/www.medienfundgrube.at\/wp-content\/uploads\/2019\/10\/mefugr-farbe11-1.jpg","contentUrl":"https:\/\/www.medienfundgrube.at\/wp-content\/uploads\/2019\/10\/mefugr-farbe11-1.jpg","width":200,"height":200,"caption":"Medienfundgrube"},"image":{"@id":"https:\/\/www.medienfundgrube.at\/#\/schema\/logo\/image\/"}}]}},"_links":{"self":[{"href":"https:\/\/www.medienfundgrube.at\/index.php?rest_route=\/wp\/v2\/pages\/31","targetHints":{"allow":["GET"]}}],"collection":[{"href":"https:\/\/www.medienfundgrube.at\/index.php?rest_route=\/wp\/v2\/pages"}],"about":[{"href":"https:\/\/www.medienfundgrube.at\/index.php?rest_route=\/wp\/v2\/types\/page"}],"author":[{"embeddable":true,"href":"https:\/\/www.medienfundgrube.at\/index.php?rest_route=\/wp\/v2\/users\/2"}],"replies":[{"embeddable":true,"href":"https:\/\/www.medienfundgrube.at\/index.php?rest_route=%2Fwp%2Fv2%2Fcomments&post=31"}],"version-history":[{"count":15,"href":"https:\/\/www.medienfundgrube.at\/index.php?rest_route=\/wp\/v2\/pages\/31\/revisions"}],"predecessor-version":[{"id":3446,"href":"https:\/\/www.medienfundgrube.at\/index.php?rest_route=\/wp\/v2\/pages\/31\/revisions\/3446"}],"wp:attachment":[{"href":"https:\/\/www.medienfundgrube.at\/index.php?rest_route=%2Fwp%2Fv2%2Fmedia&parent=31"}],"curies":[{"name":"wp","href":"https:\/\/api.w.org\/{rel}","templated":true}]}}